{"id":9,"date":"2025-03-30T05:17:36","date_gmt":"2025-03-30T05:17:36","guid":{"rendered":"http:\/\/komsuteyze.com\/?page_id=9"},"modified":"2025-03-30T05:20:21","modified_gmt":"2025-03-30T05:20:21","slug":"komsuteyze-koy-kahvaltisi","status":"publish","type":"page","link":"http:\/\/komsuteyze.com\/?page_id=9","title":{"rendered":"Kom\u015fuTeyze K\u00f6y Kahvalt\u0131s\u0131"},"content":{"rendered":"\n<p>Ho\u015f geldiniz! Kom\u015fu Teyze\u2019nin do\u011fal \u00fcr\u00fcnlerle haz\u0131rlad\u0131\u011f\u0131 k\u00f6y kahvalt\u0131s\u0131na davetlisiniz. Bah\u00e7emizde, s\u0131cak bir ortamda taze kahvalt\u0131 keyfini \u00e7\u0131kar\u0131n!<br><\/p>\n","protected":false},"excerpt":{"rendered":"<p>Ho\u015f geldiniz! Kom\u015fu Teyze\u2019nin do\u011fal \u00fcr\u00fcnlerle haz\u0131rlad\u0131\u011f\u0131 k\u00f6y kahvalt\u0131s\u0131na davetlisiniz. Bah\u00e7emizde, s\u0131cak bir ortamda taze kahvalt\u0131 keyfini \u00e7\u0131kar\u0131n!<\/p>\n","protected":false},"author":1,"featured_media":14,"parent":0,"menu_order":0,"comment_status":"closed","ping_status":"closed","template":"","meta":{"site-sidebar-layout":"default","site-content-layout":"","ast-site-content-layout":"","site-content-style":"default","site-sidebar-style":"default","ast-global-header-display":"","ast-banner-title-visibility":"","ast-main-header-display":"","ast-hfb-above-header-display":"","ast-hfb-below-header-display":"","ast-hfb-mobile-header-display":"","site-post-title":"","ast-breadcrumbs-content":"","ast-featured-img":"","footer-sml-layout":"","theme-transparent-header-meta":"","adv-header-id-meta":"","stick-header-meta":"","header-above-stick-meta":"","header-main-stick-meta":"","header-below-stick-meta":"","astra-migrate-meta-layouts":"default","ast-page-background-enabled":"default","ast-page-background-meta":{"desktop":{"background-color":"var(--ast-global-color-5)","background-image":"","background-repeat":"repeat","background-position":"center center","background-size":"auto","background-attachment":"scroll","background-type":"","background-media":"","overlay-type":"","overlay-color":"","overlay-opacity":"","overlay-gradient":""},"tablet":{"background-color":"","background-image":"","background-repeat":"repeat","background-position":"center center","background-size":"auto","background-attachment":"scroll","background-type":"","background-media":"","overlay-type":"","overlay-color":"","overlay-opacity":"","overlay-gradient":""},"mobile":{"background-color":"","background-image":"","background-repeat":"repeat","background-position":"center center","background-size":"auto","background-attachment":"scroll","background-type":"","background-media":"","overlay-type":"","overlay-color":"","overlay-opacity":"","overlay-gradient":""}},"ast-content-background-meta":{"desktop":{"background-color":"var(--ast-global-color-4)","background-image":"","background-repeat":"repeat","background-position":"center center","background-size":"auto","background-attachment":"scroll","background-type":"","background-media":"","overlay-type":"","overlay-color":"","overlay-opacity":"","overlay-gradient":""},"tablet":{"background-color":"var(--ast-global-color-4)","background-image":"","background-repeat":"repeat","background-position":"center center","background-size":"auto","background-attachment":"scroll","background-type":"","background-media":"","overlay-type":"","overlay-color":"","overlay-opacity":"","overlay-gradient":""},"mobile":{"background-color":"var(--ast-global-color-4)","background-image":"","background-repeat":"repeat","background-position":"center center","background-size":"auto","background-attachment":"scroll","background-type":"","background-media":"","overlay-type":"","overlay-color":"","overlay-opacity":"","overlay-gradient":""}},"footnotes":""},"class_list":["post-9","page","type-page","status-publish","has-post-thumbnail","hentry"],"_links":{"self":[{"href":"http:\/\/komsuteyze.com\/index.php?rest_route=\/wp\/v2\/pages\/9","targetHints":{"allow":["GET"]}}],"collection":[{"href":"http:\/\/komsuteyze.com\/index.php?rest_route=\/wp\/v2\/pages"}],"about":[{"href":"http:\/\/komsuteyze.com\/index.php?rest_route=\/wp\/v2\/types\/page"}],"author":[{"embeddable":true,"href":"http:\/\/komsuteyze.com\/index.php?rest_route=\/wp\/v2\/users\/1"}],"replies":[{"embeddable":true,"href":"http:\/\/komsuteyze.com\/index.php?rest_route=%2Fwp%2Fv2%2Fcomments&post=9"}],"version-history":[{"count":1,"href":"http:\/\/komsuteyze.com\/index.php?rest_route=\/wp\/v2\/pages\/9\/revisions"}],"predecessor-version":[{"id":11,"href":"http:\/\/komsuteyze.com\/index.php?rest_route=\/wp\/v2\/pages\/9\/revisions\/11"}],"wp:featuredmedia":[{"embeddable":true,"href":"http:\/\/komsuteyze.com\/index.php?rest_route=\/wp\/v2\/media\/14"}],"wp:attachment":[{"href":"http:\/\/komsuteyze.com\/index.php?rest_route=%2Fwp%2Fv2%2Fmedia&parent=9"}],"curies":[{"name":"wp","href":"https:\/\/api.w.org\/{rel}","templated":true}]}}